{"id":361688,"date":"2026-01-20T06:20:21","date_gmt":"2026-01-20T06:20:21","guid":{"rendered":"https:\/\/bzm.eus\/inicio\/"},"modified":"2026-05-05T12:23:12","modified_gmt":"2026-05-05T12:23:12","slug":"inicio","status":"publish","type":"page","link":"https:\/\/bzm.eus\/es\/","title":{"rendered":"Inicio"},"content":{"rendered":"<div class=\"et_pb_section_0 et_pb_section et_section_regular et_block_section\">\n<div class=\"et_pb_row_0 et_pb_row et_block_row preset--module--divi-row--default\">\n<div class=\"et_pb_column_0 et_pb_column et_pb_column_4_4 et-last-child et_block_column et_pb_css_mix_blend_mode_passthrough\">\n<div class=\"et_pb_module et_pb_button_module_wrapper et_pb_button_0_wrapper preset--module--divi-button--963d8fdf-f1ec-4970-809b-566579010a4e_wrapper\"><a class=\"et_pb_button_0 et_pb_button et_pb_bg_layout_light et_pb_module et_block_module preset--module--divi-button--963d8fdf-f1ec-4970-809b-566579010a4e\" href=\"\">Mancomunidad de Servicios de Bortziriak<\/a><\/div>\n\n<div class=\"et_pb_text_0 et_pb_text et_pb_bg_layout_light et_pb_module et_block_module preset--module--divi-text--176cdee2-e4ba-4c29-be89-6fb2c21ae5f9\"><div class=\"et_pb_text_inner\"><h1>\u00bfQui\u00e9nes somos?<\/h1>\n<\/div><\/div>\n\n<div class=\"et_pb_text_1 et_pb_text et_pb_bg_layout_light et_pb_module et_block_module preset--module--divi-text--199e7290-155e-457b-93f6-1d100b0d5b43\"><div class=\"et_pb_text_inner\"><p><span>Lorem ipsum dolor sit amet consectetur adipiscing elit venenatis arcu ut, sem phasellus tellus odio luctus semper euismod purus feugiat, aliquet rhoncus nam nisi aliquam fames interdum sodales ridiculus. Ridiculus iaculis class egestas felis suscipit euismod leo nam, id placerat erat consequat donec lectus urna fermentum, torquent interdum libero conubia dignissim sapien himenaeos.  <\/span><\/p>\n<\/div><\/div>\n<\/div>\n<\/div>\n<\/div>\n\n<div class=\"et_pb_section_1 et_pb_section et_section_regular et_block_section\">\n<div class=\"et_pb_row_1 et_pb_row et_block_row preset--module--divi-row--default\">\n<div class=\"et_pb_column_1 et_pb_column et_pb_column_4_4 et-last-child et_block_column et_pb_css_mix_blend_mode_passthrough\">\n<div class=\"et_pb_text_2 et_pb_text et_pb_bg_layout_light et_pb_module et_block_module preset--module--divi-text--acb28e88-8719-423d-8754-0df80f5279e3\"><div class=\"et_pb_text_inner\"><h2>4 servicios b\u00e1sicos principales<\/h2>\n<\/div><\/div>\n<\/div>\n<\/div>\n\n<div class=\"et_pb_row_2 et_pb_row et_flex_row preset--module--divi-row--default\">\n<div class=\"et_pb_column_2 et_pb_column et_flex_column et_pb_css_mix_blend_mode_passthrough et_clickable et_flex_column_12_24 et_flex_column_12_24_tablet et_flex_column_24_24_phone et_flex_column_24_24_phoneWide et_flex_column_12_24_tabletWide\">\n<div class=\"et_pb_icon_0 et_pb_icon et_pb_module et_block_module\"><span class=\"et_pb_icon_wrap\"><span class=\"et-pb-icon\">\ue068<\/span><\/span><\/div>\n\n<div class=\"et_pb_text_3 et_pb_text et_pb_bg_layout_light et_pb_module et_block_module preset--module--divi-text--c47f6e00-a2c3-43fd-994e-add9f0eb613a\"><div class=\"et_pb_text_inner\"><h4>Servicio de Igualdad<\/h4>\n<\/div><\/div>\n\n<div class=\"et_pb_text_4 et_pb_text et_pb_bg_layout_light et_pb_module et_block_module preset--module--divi-text--199e7290-155e-457b-93f6-1d100b0d5b43\"><div class=\"et_pb_text_inner\"><div class=\"wpb_text_column us_custom_4e55af8d has_text_color\">\n<div class=\"wpb_wrapper\">\n<p>La funci\u00f3n principal del Servicio de Igualdad es promover la igualdad de oportunidades entre mujeres y hombres.<\/p>\n<\/div>\n<\/div>\n<\/div><\/div>\n<\/div>\n\n<div class=\"et_pb_column_3 et_pb_column et-last-child et_flex_column et_pb_css_mix_blend_mode_passthrough et_clickable et_flex_column_12_24 et_flex_column_12_24_tablet et_flex_column_24_24_phone et_flex_column_24_24_phoneWide et_flex_column_12_24_tabletWide\">\n<div class=\"et_pb_icon_1 et_pb_icon et_pb_module et_block_module\"><span class=\"et_pb_icon_wrap\"><span class=\"et-pb-icon\">\uf500<\/span><\/span><\/div>\n\n<div class=\"et_pb_text_5 et_pb_text et_pb_bg_layout_light et_pb_module et_block_module preset--module--divi-text--c47f6e00-a2c3-43fd-994e-add9f0eb613a\"><div class=\"et_pb_text_inner\"><h4>Servicio Social<\/h4>\n<\/div><\/div>\n\n<div class=\"et_pb_text_6 et_pb_text et_pb_bg_layout_light et_pb_module et_block_module preset--module--divi-text--199e7290-155e-457b-93f6-1d100b0d5b43\"><div class=\"et_pb_text_inner\"><p>La funci\u00f3n principal del servicio social es garantizar la intervenci\u00f3n social y profesional a la ciudadan\u00eda.<\/p>\n<\/div><\/div>\n<\/div>\n<\/div>\n\n<div class=\"et_pb_row_3 et_pb_row et_flex_row preset--module--divi-row--default\">\n<div class=\"et_pb_column_4 et_pb_column et_flex_column et_pb_css_mix_blend_mode_passthrough et_clickable et_flex_column_12_24 et_flex_column_12_24_tablet et_flex_column_24_24_phone et_flex_column_24_24_phoneWide et_flex_column_12_24_tabletWide\">\n<div class=\"et_pb_icon_2 et_pb_icon et_pb_module et_block_module\"><span class=\"et_pb_icon_wrap\"><span class=\"et-pb-icon\">\uf39d<\/span><\/span><\/div>\n\n<div class=\"et_pb_text_7 et_pb_text et_pb_bg_layout_light et_pb_module et_block_module preset--module--divi-text--c47f6e00-a2c3-43fd-994e-add9f0eb613a\"><div class=\"et_pb_text_inner\"><h4>Servicio de Euskera<\/h4>\n<\/div><\/div>\n\n<div class=\"et_pb_text_8 et_pb_text et_pb_bg_layout_light et_pb_module et_block_module preset--module--divi-text--199e7290-155e-457b-93f6-1d100b0d5b43\"><div class=\"et_pb_text_inner\"><p><span class=\"w-text-h\"><span class=\"w-text-value\">Es una instituci\u00f3n p\u00fablica y su objetivo es lograr la normalizaci\u00f3n del euskera en todos los \u00e1mbitos de la vida social. <\/span><\/span><\/p>\n<\/div><\/div>\n<\/div>\n\n<div class=\"et_pb_column_5 et_pb_column et-last-child et_flex_column et_pb_css_mix_blend_mode_passthrough et_clickable et_flex_column_12_24 et_flex_column_12_24_tablet et_flex_column_24_24_phone et_flex_column_24_24_phoneWide et_flex_column_12_24_tabletWide\">\n<div class=\"et_pb_icon_3 et_pb_icon et_pb_module et_block_module\"><span class=\"et_pb_icon_wrap\"><span class=\"et-pb-icon\">\uf829<\/span><\/span><\/div>\n\n<div class=\"et_pb_text_9 et_pb_text et_pb_bg_layout_light et_pb_module et_block_module preset--module--divi-text--c47f6e00-a2c3-43fd-994e-add9f0eb613a\"><div class=\"et_pb_text_inner\"><h4>Servicio de Residuos<\/h4>\n<\/div><\/div>\n\n<div class=\"et_pb_text_10 et_pb_text et_pb_bg_layout_light et_pb_module et_block_module preset--module--divi-text--199e7290-155e-457b-93f6-1d100b0d5b43\"><div class=\"et_pb_text_inner\"><p>La gesti\u00f3n de los residuos s\u00f3lidos generados, el reciclaje y el respeto al medio ambiente son los objetivos principales.<\/p>\n<\/div><\/div>\n<\/div>\n<\/div>\n<\/div>\n\n<div class=\"et_pb_section_2 et_pb_section et_section_regular et_flex_section\">\n<div class=\"et_pb_row_4 et_pb_row et_flex_row preset--module--divi-row--default\">\n<div class=\"et_pb_column_6 et_pb_column et-last-child et_flex_column et_pb_css_mix_blend_mode_passthrough et_flex_column_24_24 et_flex_column_24_24_tablet et_flex_column_24_24_phone et_flex_column_24_24_phoneWide et_flex_column_24_24_tabletWide\">\n<div class=\"et_pb_blog_0 et_pb_blog et_pb_bg_layout_light et_pb_posts et_pb_module preset--group--divi-blog--divi-font--default preset--group--divi-blog--divi-font-body--default\"><div class=\"et_pb_ajax_pagination_container\"><div class=\"et_pb_posts et_grid_module\"><article class=\"et_pb_post et_pb_post_id_362049 clearfix et_pb_blog_item_0_0 post-362049 post type-post status-publish format-standard has-post-thumbnail hentry category-servicio-de-euskera\"><div class=\"et_pb_image_container\"><a href=\"https:\/\/bzm.eus\/es\/se-realizara-un-estudio-sociolinguistico-en-baztan-bidasoa\/\" class=\"entry-featured-image-url\"><img decoding=\"async\" src=\"https:\/\/bzm.eus\/wp-content\/uploads\/2026\/04\/Euskararen-ezagutza-2021.png\" width=\"400\" height=\"284\" alt=\"Se realizar\u00e1 un estudio socioling\u00fc\u00edstico en Baztan-Bidasoa\" class=\"\" srcset=\"https:\/\/bzm.eus\/wp-content\/uploads\/2026\/04\/Euskararen-ezagutza-2021.png 479w, https:\/\/bzm.eus\/wp-content\/uploads\/2026\/04\/Euskararen-ezagutza-2021-400x284.png 480w\" sizes=\"(max-width:479px) 479px, 100vw\" \/><span data-icon=\"\ue050\" class=\"et_overlay et_pb_inline_icon\"><\/span><\/a><\/div><h5 class=\"entry-title\"><a href=\"https:\/\/bzm.eus\/es\/se-realizara-un-estudio-sociolinguistico-en-baztan-bidasoa\/\">Se realizar\u00e1 un estudio socioling\u00fc\u00edstico en Baztan-Bidasoa<\/a><\/h5><p class=\"post-meta\">por <span class=\"author vcard\"><a href=\"https:\/\/bzm.eus\/es\/author\/euskara-zerbitzua\/\" title=\"Entradas de Bortzirietako Euskara Zerbitzua\" rel=\"author\">Bortzirietako Euskara Zerbitzua<\/a><\/span> | <span class=\"published\">Abr 13, 2026<\/span> | <span class=\"entry-categories\"><a href=\"https:\/\/bzm.eus\/es\/category\/servicio-de-euskera\/\" rel=\"tag\">Servicio de Euskera<\/a><\/span><\/p><div class=\"post-content\"><div class=\"post-content-inner\"><p>Se llamar\u00e1 por tel\u00e9fono a la ciudadan\u00eda para recoger informaci\u00f3n sobre las lenguas. Desde el servicio de euskera se solicita a la ciudadan\u00eda que atienda las llamadas en este caso; cuantas m\u00e1s respuestas se obtengan, m\u00e1s precisos ser\u00e1n los resultados. Los servicios de&#8230;<\/p>\n<\/div><\/div><\/article><article class=\"et_pb_post et_pb_post_id_362052 clearfix et_pb_no_thumb et_pb_blog_item_0_1 post-362052 post type-post status-publish format-standard hentry category-servicio-de-euskera\"><h5 class=\"entry-title\"><a href=\"https:\/\/bzm.eus\/es\/aniztasun-taldearen-adierazpena-arrazakeriaren-kontra-eta-jardunaldiaren-aurkezpena\/\">Aniztasun taldearen adierazpena arrazakeriaren kontra eta jardunaldiaren aurkezpena<\/a><\/h5><p class=\"post-meta\">por <span class=\"author vcard\"><a href=\"https:\/\/bzm.eus\/es\/author\/euskara-zerbitzua\/\" title=\"Entradas de Bortzirietako Euskara Zerbitzua\" rel=\"author\">Bortzirietako Euskara Zerbitzua<\/a><\/span> | <span class=\"published\">Mar 27, 2026<\/span> | <span class=\"entry-categories\"><a href=\"https:\/\/bzm.eus\/es\/category\/servicio-de-euskera\/\" rel=\"tag\">Servicio de Euskera<\/a><\/span><\/p><div class=\"post-content\"><div class=\"post-content-inner\"><p>[vc_row][vc_column][vc_column_text] El Grupo de Diversidad Ling\u00fc\u00edstica y Cultural de Bortziriak ha hecho p\u00fablica una declaraci\u00f3n con motivo del D\u00eda Internacional de la Eliminaci\u00f3n del Racismo del 21 de marzo. Adem\u00e1s, ha anunciado la celebraci\u00f3n de la jornada de la&#8230;<\/p>\n<\/div><\/div><\/article><article class=\"et_pb_post et_pb_post_id_362053 clearfix et_pb_no_thumb et_pb_blog_item_0_2 post-362053 post type-post status-publish format-standard hentry category-servicio-de-euskera\"><h5 class=\"entry-title\"><a href=\"https:\/\/bzm.eus\/es\/comienza-el-curso-de-euskera-en-la-residencia-san-jose-de-bera\/\">Comienza el curso de euskera en la Residencia San Jos\u00e9 de Bera<\/a><\/h5><p class=\"post-meta\">por <span class=\"author vcard\"><a href=\"https:\/\/bzm.eus\/es\/author\/euskara-zerbitzua\/\" title=\"Entradas de Bortzirietako Euskara Zerbitzua\" rel=\"author\">Bortzirietako Euskara Zerbitzua<\/a><\/span> | <span class=\"published\">Mar 24, 2026<\/span> | <span class=\"entry-categories\"><a href=\"https:\/\/bzm.eus\/es\/category\/servicio-de-euskera\/\" rel=\"tag\">Servicio de Euskera<\/a><\/span><\/p><div class=\"post-content\"><div class=\"post-content-inner\"><p>[vc_row][vc_column][vc_column_text] A partir del 11 de marzo y hasta finales de abril, 8 trabajadoras de la residencia realizar\u00e1n el curso b\u00e1sico de euskera, que tendr\u00e1 una duraci\u00f3n total de 25 horas. Marga Erdozain, profesora de IKA, ser\u00e1 la responsable de impartir&#8230;<\/p>\n<\/div><\/div><\/article><\/div><div class=\"pagination clearfix\">\n\t<div class=\"alignleft\"><\/div>\n\t<div class=\"alignright\"><\/div>\n<\/div><\/div><\/div>\n<\/div>\n<\/div>\n<\/div>\n\n<div class=\"et_pb_section_3 et_pb_section et_section_regular et_block_section\">\n<div class=\"et_pb_row_5 et_pb_row et_block_row preset--module--divi-row--default\">\n<div class=\"et_pb_column_7 et_pb_column et_pb_column_4_4 et-last-child et_block_column et_pb_css_mix_blend_mode_passthrough\">\n<div class=\"et_pb_text_11 et_pb_text et_pb_bg_layout_light et_pb_module et_block_module preset--module--divi-text--ab768f11-d695-40de-8f29-045c83d7c976\"><div class=\"et_pb_text_inner\"><h4>Detalles y funcionamiento de la Mancomunidad de Servicios de Bortziriak<\/h4>\n<\/div><\/div>\n\n<div class=\"et_pb_accordion_0 et_pb_accordion et_pb_module et_block_module preset--group--divi-accordion--divi-font--default preset--group--divi-accordion--divi-font-body--default\">\n<div class=\"et_pb_accordion_item_0 et_pb_accordion_item et_pb_toggle et_pb_module et_pb_toggle_open et_block_module preset--group--divi-accordion-item--divi-font--default preset--group--divi-accordion-item--divi-font-body--default\"><h5 class=\"et_pb_toggle_title\">Creaci\u00f3n<\/h5><div class=\"et_pb_toggle_content\"><p>Lorem ipsum dolor sit amet, consectetur adipiscing elit. Donec sed finibus nisi, sed dictum eros. Quisque aliquet velit sit amet sem interdum faucibus. In feugiat aliquet mollis. Etiam tincidunt ligula ut hendrerit semper. Quisque luctus lectus non turpis bibendum posuere. Morbi tortor nibh, fringilla sed pretium sit amet, pharetra non ex. Fusce vel egestas nisl.<\/p>\n<\/div><\/div>\n\n<div class=\"et_pb_accordion_item_1 et_pb_accordion_item et_pb_toggle et_pb_module et_pb_toggle_close et_block_module preset--group--divi-accordion-item--divi-font--default preset--group--divi-accordion-item--divi-font-body--default\"><h5 class=\"et_pb_toggle_title\">Financiaci\u00f3n<\/h5><div class=\"et_pb_toggle_content\"><p>Curabitur non bibendum ligula. In non pulvinar purus. Curabitur nisi odio, blandit et elit at, suscipit pharetra elit. Fusce ut mauris quam. Quisque lacinia quam eu commodo mollis. Praesent nisl massa, ultrices vitae ornare sit amet, ultricies eget orci. Sed vitae nulla et justo pellentesque congue nec eu risus. Morbi ac feugiat ante.<\/p>\n<\/div><\/div>\n\n<div class=\"et_pb_accordion_item_2 et_pb_accordion_item et_pb_toggle et_pb_module et_pb_toggle_close et_block_module preset--group--divi-accordion-item--divi-font--default preset--group--divi-accordion-item--divi-font-body--default\"><h5 class=\"et_pb_toggle_title\">Organigrama<\/h5><div class=\"et_pb_toggle_content\"><p>Etiam quis blandit erat. Donec laoreet libero non metus volutpat consequat in vel metus. Sed non augue id felis pellentesque congue et vitae tellus. Donec ullamcorper libero nisl, nec blandit dolor tempus feugiat. Aenean neque felis, fringilla nec placerat eget, sollicitudin a sapien. Cras ut auctor elit.<\/p>\n<\/div><\/div>\n\n<div class=\"et_pb_accordion_item_3 et_pb_accordion_item et_pb_toggle et_pb_module et_pb_toggle_close et_block_module preset--group--divi-accordion-item--divi-font--default preset--group--divi-accordion-item--divi-font-body--default\"><h5 class=\"et_pb_toggle_title\">Ordenanzas<\/h5><div class=\"et_pb_toggle_content\"><p>Etiam quis blandit erat. Donec laoreet libero non metus volutpat consequat in vel metus. Sed non augue id felis pellentesque congue et vitae tellus. Donec ullamcorper libero nisl, nec blandit dolor tempus feugiat. Aenean neque felis, fringilla nec placerat eget, sollicitudin a sapien. Cras ut auctor elit.<\/p>\n<\/div><\/div>\n\n<div class=\"et_pb_accordion_item_4 et_pb_accordion_item et_pb_toggle et_pb_module et_pb_toggle_close et_block_module preset--group--divi-accordion-item--divi-font--default preset--group--divi-accordion-item--divi-font-body--default\"><h5 class=\"et_pb_toggle_title\">Estatutos<\/h5><div class=\"et_pb_toggle_content\"><p>Etiam quis blandit erat. Donec laoreet libero non metus volutpat consequat in vel metus. Sed non augue id felis pellentesque congue et vitae tellus. Donec ullamcorper libero nisl, nec blandit dolor tempus feugiat. Aenean neque felis, fringilla nec placerat eget, sollicitudin a sapien. Cras ut auctor elit.<\/p>\n<\/div><\/div>\n<\/div>\n<\/div>\n<\/div>\n<\/div>","protected":false},"excerpt":{"rendered":"","protected":false},"author":1,"featured_media":0,"parent":0,"menu_order":0,"comment_status":"closed","ping_status":"closed","template":"","meta":{"footnotes":""},"class_list":["post-361688","page","type-page","status-publish","hentry"],"yoast_head":"<!-- This site is optimized with the Yoast SEO plugin v27.5 - https:\/\/yoast.com\/product\/yoast-seo-wordpress\/ -->\n<title>Inicio - Bortzirietako Zerbitzuen Mankomunitatea<\/title>\n<meta name=\"robots\" content=\"index, follow, max-snippet:-1, max-image-preview:large, max-video-preview:-1\" \/>\n<link rel=\"canonical\" href=\"https:\/\/bzm.eus\/es\/\" \/>\n<meta property=\"og:locale\" content=\"es_ES\" \/>\n<meta property=\"og:type\" content=\"article\" \/>\n<meta property=\"og:title\" content=\"Inicio - Bortzirietako Zerbitzuen Mankomunitatea\" \/>\n<meta property=\"og:url\" content=\"https:\/\/bzm.eus\/es\/\" \/>\n<meta property=\"og:site_name\" content=\"Bortzirietako Zerbitzuen Mankomunitatea\" \/>\n<meta property=\"article:modified_time\" content=\"2026-05-05T12:23:12+00:00\" \/>\n<meta name=\"twitter:card\" content=\"summary_large_image\" \/>\n<script type=\"application\/ld+json\" class=\"yoast-schema-graph\">{\"@context\":\"https:\\\/\\\/schema.org\",\"@graph\":[{\"@type\":\"WebPage\",\"@id\":\"https:\\\/\\\/bzm.eus\\\/es\\\/\",\"url\":\"https:\\\/\\\/bzm.eus\\\/es\\\/\",\"name\":\"Inicio - Bortzirietako Zerbitzuen Mankomunitatea\",\"isPartOf\":{\"@id\":\"https:\\\/\\\/bzm.eus\\\/#website\"},\"datePublished\":\"2026-01-20T06:20:21+00:00\",\"dateModified\":\"2026-05-05T12:23:12+00:00\",\"breadcrumb\":{\"@id\":\"https:\\\/\\\/bzm.eus\\\/es\\\/#breadcrumb\"},\"inLanguage\":\"es\",\"potentialAction\":[{\"@type\":\"ReadAction\",\"target\":[\"https:\\\/\\\/bzm.eus\\\/es\\\/\"]}]},{\"@type\":\"BreadcrumbList\",\"@id\":\"https:\\\/\\\/bzm.eus\\\/es\\\/#breadcrumb\",\"itemListElement\":[{\"@type\":\"ListItem\",\"position\":1,\"name\":\"Home\",\"item\":\"https:\\\/\\\/bzm.eus\\\/es\\\/\"},{\"@type\":\"ListItem\",\"position\":2,\"name\":\"Inicio\"}]},{\"@type\":\"WebSite\",\"@id\":\"https:\\\/\\\/bzm.eus\\\/#website\",\"url\":\"https:\\\/\\\/bzm.eus\\\/\",\"name\":\"Bortzirietako Zerbitzuen Mankomunitatea\",\"description\":\"\",\"potentialAction\":[{\"@type\":\"SearchAction\",\"target\":{\"@type\":\"EntryPoint\",\"urlTemplate\":\"https:\\\/\\\/bzm.eus\\\/?s={search_term_string}\"},\"query-input\":{\"@type\":\"PropertyValueSpecification\",\"valueRequired\":true,\"valueName\":\"search_term_string\"}}],\"inLanguage\":\"es\"}]}<\/script>\n<!-- \/ Yoast SEO plugin. -->","yoast_head_json":{"title":"Inicio - Bortzirietako Zerbitzuen Mankomunitatea","robots":{"index":"index","follow":"follow","max-snippet":"max-snippet:-1","max-image-preview":"max-image-preview:large","max-video-preview":"max-video-preview:-1"},"canonical":"https:\/\/bzm.eus\/es\/","og_locale":"es_ES","og_type":"article","og_title":"Inicio - Bortzirietako Zerbitzuen Mankomunitatea","og_url":"https:\/\/bzm.eus\/es\/","og_site_name":"Bortzirietako Zerbitzuen Mankomunitatea","article_modified_time":"2026-05-05T12:23:12+00:00","twitter_card":"summary_large_image","schema":{"@context":"https:\/\/schema.org","@graph":[{"@type":"WebPage","@id":"https:\/\/bzm.eus\/es\/","url":"https:\/\/bzm.eus\/es\/","name":"Inicio - Bortzirietako Zerbitzuen Mankomunitatea","isPartOf":{"@id":"https:\/\/bzm.eus\/#website"},"datePublished":"2026-01-20T06:20:21+00:00","dateModified":"2026-05-05T12:23:12+00:00","breadcrumb":{"@id":"https:\/\/bzm.eus\/es\/#breadcrumb"},"inLanguage":"es","potentialAction":[{"@type":"ReadAction","target":["https:\/\/bzm.eus\/es\/"]}]},{"@type":"BreadcrumbList","@id":"https:\/\/bzm.eus\/es\/#breadcrumb","itemListElement":[{"@type":"ListItem","position":1,"name":"Home","item":"https:\/\/bzm.eus\/es\/"},{"@type":"ListItem","position":2,"name":"Inicio"}]},{"@type":"WebSite","@id":"https:\/\/bzm.eus\/#website","url":"https:\/\/bzm.eus\/","name":"Bortzirietako Zerbitzuen Mankomunitatea","description":"","potentialAction":[{"@type":"SearchAction","target":{"@type":"EntryPoint","urlTemplate":"https:\/\/bzm.eus\/?s={search_term_string}"},"query-input":{"@type":"PropertyValueSpecification","valueRequired":true,"valueName":"search_term_string"}}],"inLanguage":"es"}]}},"_links":{"self":[{"href":"https:\/\/bzm.eus\/es\/wp-json\/wp\/v2\/pages\/361688","targetHints":{"allow":["GET"]}}],"collection":[{"href":"https:\/\/bzm.eus\/es\/wp-json\/wp\/v2\/pages"}],"about":[{"href":"https:\/\/bzm.eus\/es\/wp-json\/wp\/v2\/types\/page"}],"author":[{"embeddable":true,"href":"https:\/\/bzm.eus\/es\/wp-json\/wp\/v2\/users\/1"}],"replies":[{"embeddable":true,"href":"https:\/\/bzm.eus\/es\/wp-json\/wp\/v2\/comments?post=361688"}],"version-history":[{"count":12,"href":"https:\/\/bzm.eus\/es\/wp-json\/wp\/v2\/pages\/361688\/revisions"}],"predecessor-version":[{"id":362102,"href":"https:\/\/bzm.eus\/es\/wp-json\/wp\/v2\/pages\/361688\/revisions\/362102"}],"wp:attachment":[{"href":"https:\/\/bzm.eus\/es\/wp-json\/wp\/v2\/media?parent=361688"}],"curies":[{"name":"wp","href":"https:\/\/api.w.org\/{rel}","templated":true}]}}